{"id":15644,"date":"2019-01-17T15:41:34","date_gmt":"2019-01-17T14:41:34","guid":{"rendered":"https:\/\/www.proinmosol.com\/politica-de-cookies\/"},"modified":"2019-02-21T12:16:28","modified_gmt":"2019-02-21T11:16:28","slug":"cookie-policy","status":"publish","type":"page","link":"https:\/\/www.proinmosol.com\/en\/cookie-policy\/","title":{"rendered":"Cookie policy"},"content":{"rendered":"<div class=\"wpb-content-wrapper\"><p>[vc_row bg_type=&#8221;bg_color&#8221; bg_override=&#8221;ex-full&#8221; type=&#8221;vc_default&#8221; margin_top=&#8221;-50&#8243; anchor=&#8221;about&#8221; bg_color_value=&#8221;#f8f8f9&#8243; css=&#8221;.vc_custom_1547201664910{padding-top: 40px !important;padding-bottom: 40px !important;}&#8221; el_id=&#8221;about&#8221;][vc_column]<div id=\"ultimate-heading-992769e0fffbbaf14\" class=\"uvc-heading ult-adjust-bottom-margin ultimate-heading-992769e0fffbbaf14 uvc-3627 \" data-hspacer=\"no_spacer\"  data-halign=\"center\" style=\"text-align:center\"><div class=\"uvc-heading-spacer no_spacer\" style=\"top\"><\/div><div class=\"uvc-main-heading ult-responsive\"  data-ultimate-target='.uvc-heading.ultimate-heading-992769e0fffbbaf14 h1'  data-responsive-json-new='{\"font-size\":\"desktop:48px;mobile_landscape:40px;\",\"line-height\":\"desktop:66px;mobile_landscape:50px;\"}' ><h1 style=\"--font-weight:theme;margin-bottom:5px;\">Cookie policy<\/h1><\/div><\/div>[\/vc_column][\/vc_row][vc_row full_width=&#8221;stretch_row&#8221; equal_height=&#8221;yes&#8221; content_placement=&#8221;top&#8221; bg_type=&#8221;bg_color&#8221; type=&#8221;vc_default&#8221; margin_top=&#8221;85&#8243; margin_bottom=&#8221;20&#8243; css=&#8221;.vc_custom_1547479242409{margin-bottom: 90px !important;padding-top: 70px !important;background-color: #ffffff !important;}&#8221; bg_color_value=&#8221;#ffffff&#8221;][vc_column][vc_row_inner equal_height=&#8221;yes&#8221; css=&#8221;.vc_custom_1547208525887{padding-right: 25px !important;padding-left: 25px !important;}&#8221;][vc_column_inner css=&#8221;.vc_custom_1547208325928{margin-bottom: 30px !important;padding-top: 0px !important;padding-right: 0px !important;padding-bottom: 0px !important;padding-left: 0px !important;background-color: #ffffff !important;background-position: center !important;background-repeat: no-repeat !important;background-size: cover !important;}&#8221; offset=&#8221;vc_col-lg-12 vc_col-md-12&#8243;][vc_column_text]<\/p>\n<p style=\"text-align: justify;\"><strong>\u00bfQu\u00e9 son las cookies?<\/strong><\/p>\n<p style=\"text-align: justify;\">Una cookie es un fichero que se descarga en su ordenador al acceder a determinadas p\u00e1ginas web. Las cookies permiten a una p\u00e1gina web, entre otras cosas, almacenar y recuperar informaci\u00f3n sobre los h\u00e1bitos de navegaci\u00f3n de un usuario o de su equipo y, dependiendo de la informaci\u00f3n que contengan y de la forma en que utilice su equipo, pueden utilizarse para reconocer al usuario.\u00a0El conjunto de \u201ccookies\u201d ayuda a mejorar la calidad de una web, permitiendo adem\u00e1s controlar qu\u00e9 p\u00e1ginas encuentran los usuarios \u00fatiles y cu\u00e1les no.<\/p>\n<p style=\"text-align: justify;\"><strong><br \/>\nLas cookies en esta p\u00e1gina web<\/strong><\/p>\n<p style=\"text-align: justify;\">Su navegador de internet puede informarle en de las cookies que utiliza cada una de las secciones de esta web.<\/p>\n<p style=\"text-align: justify;\">Esta p\u00e1gina web puede utilizar los siguientes tipos de cookies:<\/p>\n<p style=\"text-align: justify;\">Seg\u00fan su <strong>finalidad<\/strong>:<\/p>\n<ul style=\"text-align: justify;\">\n<li style=\"text-align: justify;\">Cookies t\u00e9cnicas: Son aqu\u00e9llas que permiten al usuario la navegaci\u00f3n a trav\u00e9s de una p\u00e1gina web, plataforma o aplicaci\u00f3n y la utilizaci\u00f3n de las diferentes opciones o servicios que en ella existan como, por ejemplo, controlar el tr\u00e1fico y la comunicaci\u00f3n de datos, identificar la sesi\u00f3n, acceder a partes de acceso restringido, recordar los elementos que integran un pedido, realizar el proceso de compra de un pedido, realizar la solicitud de inscripci\u00f3n o participaci\u00f3n en un evento, utilizar elementos de seguridad durante la navegaci\u00f3n, almacenar contenidos para la difusi\u00f3n de videos o sonido o compartir contenidos a trav\u00e9s de redes sociales.<\/li>\n<li style=\"text-align: justify;\">Cookies de personalizaci\u00f3n: Son aqu\u00e9llas que permiten al usuario acceder al servicio con algunas caracter\u00edsticas de car\u00e1cter general predefinidas en funci\u00f3n de una serie de criterios en el terminal del usuario como por ejemplo serian el idioma, el tipo de navegador a trav\u00e9s del cual accede al servicio, la configuraci\u00f3n regional desde donde accede al servicio, etc.<\/li>\n<li style=\"text-align: justify;\">Cookies de an\u00e1lisis: Son aqu\u00e9llas que permiten al responsable de las mismas, el seguimiento y an\u00e1lisis del comportamiento de los usuarios de los sitios web a los que est\u00e1n vinculadas. La informaci\u00f3n recogida mediante este tipo de cookies se utiliza en la medici\u00f3n de la actividad de los sitios web, aplicaci\u00f3n o plataforma y para la elaboraci\u00f3n de perfiles de navegaci\u00f3n de los usuarios de dichos sitios, aplicaciones y plataformas, con el fin de introducir mejoras en funci\u00f3n del an\u00e1lisis de los datos de uso que hacen los usuarios del servicio.<\/li>\n<li style=\"text-align: justify;\">Cookies publicitarias: Son aqu\u00e9llas que permiten la gesti\u00f3n, de la forma m\u00e1s eficaz posible, de los espacios publicitarios que, en su caso, el editor haya incluido en una p\u00e1gina web, aplicaci\u00f3n o plataforma desde la que presta el servicio solicitado en base a criterios como el contenido editado o la frecuencia en la que se muestran los anuncios.<\/li>\n<li style=\"text-align: justify;\">Cookies de publicidad comportamental: Son aqu\u00e9llas que permiten la gesti\u00f3n, de la forma m\u00e1s eficaz posible, de los espacios publicitarios que, en su caso, el editor haya incluido en una p\u00e1gina web, aplicaci\u00f3n o plataforma desde la que presta el servicio solicitado. Estas cookies almacenan informaci\u00f3n del comportamiento de los usuarios obtenida a trav\u00e9s de la observaci\u00f3n continuada de sus h\u00e1bitos de navegaci\u00f3n, lo que permite desarrollar un perfil espec\u00edfico para mostrar publicidad en funci\u00f3n del mismo.<\/li>\n<\/ul>\n<p>Seg\u00fan <strong>el plazo<\/strong> de tiempo que permanecen activadas:<\/p>\n<ul>\n<li>Cookies de sesi\u00f3n: Son un tipo de cookies dise\u00f1adas para recabar y almacenar datos mientras el usuario accede a una p\u00e1gina web. Se suelen emplear para almacenar informaci\u00f3n que solo interesa conservar para la prestaci\u00f3n del servicio solicitado por el usuario en una sola ocasi\u00f3n (por ejemplo, una lista de productos vistos).<\/li>\n<li>Cookies persistentes: Son un tipo de cookies en el que los datos siguen almacenados en el terminal y pueden ser accedidos y tratados durante un periodo definido por el responsable de la cookie, y que puede ir de unos minutos a varios a\u00f1os.<\/li>\n<\/ul>\n<p>Seg\u00fan la <strong>entidad<\/strong> que las gestione:<\/p>\n<ul>\n<li>Cookies propias: Son aqu\u00e9llas que se env\u00edan al equipo terminal del usuario desde un equipo o dominio gestionado por el propio editor y desde el que se presta el servicio solicitado por el usuario.<\/li>\n<li>Cookies de terceros: Son aqu\u00e9llas que se env\u00edan al equipo terminal del usuario desde un equipo o dominio que no es gestionado por el editor, sino por otra entidad que trata los datos obtenidos trav\u00e9s de las cookies. En el caso de que las cookies sean instaladas desde un equipo o dominio gestionado por el propio editor pero la informaci\u00f3n que se recoja mediante \u00e9stas sea gestionada por un tercero, no pueden ser consideradas como cookies propias. Esta p\u00e1gina web puede utilizar cookies de servicios de terceros para recopilar informaci\u00f3n con fines estad\u00edsticos o de uso de la web (Google Analytics, etc.). Nuestro sitio puede incluir otras funcionalidades proporcionadas por terceros y que utilizan cookies. Por ejemplo, usted podr\u00eda f\u00e1cilmente compartir el contenido en redes sociales como Facebook, Twitter, Google +, etc., con los botones que hubiera a tal efecto, o mantener una conversaci\u00f3n en un chat de ayuda.<\/li>\n<\/ul>\n<p>Consulte la ayuda de su navegador para obtener informaci\u00f3n sobre c\u00f3mo verificar las cookies utilizadas en cada momento por esta p\u00e1gina web.<\/p>\n<p><strong><br \/>\n<\/strong><strong>Desactivar las cookies<\/strong><\/p>\n<p style=\"text-align: justify;\">Las cookies son esenciales para el funcionamiento de internet, aportando innumerables ventajas en la prestaci\u00f3n de servicios interactivos, facilit\u00e1ndole la navegaci\u00f3n y usabilidad de nuestra web. Tenga en cuenta que las cookies no pueden da\u00f1ar su equipo y que, a cambio, el que est\u00e9n activadas nos ayudan a identificar y resolver los errores.<\/p>\n<p style=\"text-align: justify;\">A pesar de ello, usted puede inhabilitar el uso de las cookies desde la configuraci\u00f3n de su navegador de internet o puede establecer ciertas pol\u00edticas que permitan activar un modo privado mediante el cual las cookies se borran siempre despu\u00e9s de su visita.<\/p>\n<p style=\"text-align: justify;\">Por tanto, puede usted permitir, bloquear o eliminar las cookies instaladas en su equipo mediante la configuraci\u00f3n de las opciones del navegador instalado en su ordenador.\u00a0Consulte la ayuda de su navegador para intrucciones sobre ello.<\/p>\n<p style=\"text-align: justify;\"><strong><br \/>\nAdvertencia sobre eliminar cookies<\/strong><\/p>\n<p style=\"text-align: justify;\">Usted puede eliminar y bloquear todas las cookies de este sitio, pero parte del sitio no funcionar\u00e1 o la calidad de la p\u00e1gina web puede verse afectada.\u00a0Algunas cookies son esenciales para el funcionamiento de una p\u00e1gina web, por ejemplo el buscador incorporado, el carrito en el caso de las tiendas online&#8230;<\/p>\n<p style=\"text-align: justify;\"><strong><br \/>\nDudas adicionales<\/strong><\/p>\n<p style=\"text-align: justify;\">Si tiene cualquier duda acerca de nuestra pol\u00edtica de cookies, puede contactar con nosotros.<\/p>\n<p>[\/vc_column_text][\/vc_column_inner][\/vc_row_inner][\/vc_column][\/vc_row][vc_row bg_type=&#8221;image&#8221; parallax_style=&#8221;vcpb-vz-jquery&#8221; bg_image_new=&#8221;id^15111|url^https:\/\/www.proinmosol.com\/wp-content\/uploads\/2019\/01\/fondoredessociales.jpg|caption^null|alt^REDES SOCIALES|title^REDES SOCIALES|description^null&#8221; bg_image_repeat=&#8221;no-repeat&#8221; bg_image_size=&#8221;initial&#8221; bg_override=&#8221;ex-full&#8221; enable_overlay=&#8221;enable_overlay_value&#8221; overlay_color=&#8221;rgba(0,0,0,0.6)&#8221; overlay_pattern=&#8221;transperant&#8221; type=&#8221;vc_default&#8221; css=&#8221;.vc_custom_1547729859750{padding-top: 0px !important;padding-bottom: 50px !important;background-color: #000000 !important;}&#8221;][vc_column offset=&#8221;vc_col-lg-offset-0 vc_col-md-offset-0 vc_col-sm-offset-0 vc_col-xs-12&#8243;][vc_row_inner css=&#8221;.vc_custom_1479056947997{padding-top: 50px !important;}&#8221;][vc_column_inner width=&#8221;1\/2&#8243;]<div class=\"ult-just-icon-wrapper   vc_custom_1550746093830\"><div class=\"align-icon\" style=\"text-align:center;\">\n<a class=\"aio-tooltip 69e0fffbbb1ae\" href=\"tel:+34952657580\" rel=\"nofollow\"  data-toggle=\"tooltip\" data-placement=\"\"><div class=\"aio-icon circle \"  style=\"color:#ffffff;font-size:50px;display:inline-block;\">\n\t<i class=\"Defaults-phone\"><\/i>\n<\/div><\/a><\/div><\/div><div id=\"ultimate-heading-488369e0fffbbb292\" class=\"uvc-heading ult-adjust-bottom-margin ultimate-heading-488369e0fffbbb292 uvc-7478 \" data-hspacer=\"no_spacer\"  data-halign=\"center\" style=\"text-align:center\"><div class=\"uvc-heading-spacer no_spacer\" style=\"top\"><\/div><div class=\"uvc-sub-heading ult-responsive\"  data-ultimate-target='.uvc-heading.ultimate-heading-488369e0fffbbb292 .uvc-sub-heading '  data-responsive-json-new='{\"font-size\":\"desktop:16px;\",\"line-height\":\"desktop:28px;\"}'  style=\"font-weight:bold;color:#ffffff;margin-bottom:0px;\">952 657 580<\/div><\/div>[\/vc_column_inner][vc_column_inner width=&#8221;1\/2&#8243;]<div class=\"ult-just-icon-wrapper   vc_custom_1547213414319\"><div class=\"align-icon\" style=\"text-align:center;\">\n<a class=\"aio-tooltip 69e0fffbbb31a\" href=\"mailto:info@proinmosol.com\" rel=\"nofollow\"  data-toggle=\"tooltip\" data-placement=\"\"><div class=\"aio-icon circle \"  style=\"color:#ffffff;font-size:50px;display:inline-block;\">\n\t<i class=\"icomoon-pixeden-stroke-32x32-mail\"><\/i>\n<\/div><\/a><\/div><\/div><div id=\"ultimate-heading-977669e0fffbbb39a\" class=\"uvc-heading ult-adjust-bottom-margin ultimate-heading-977669e0fffbbb39a uvc-1685 \" data-hspacer=\"no_spacer\"  data-halign=\"center\" style=\"text-align:center\"><div class=\"uvc-heading-spacer no_spacer\" style=\"top\"><\/div><div class=\"uvc-sub-heading ult-responsive\"  data-ultimate-target='.uvc-heading.ultimate-heading-977669e0fffbbb39a .uvc-sub-heading '  data-responsive-json-new='{\"font-size\":\"desktop:16px;\",\"line-height\":\"desktop:28px;\"}'  style=\"font-weight:bold;color:#ffffff;margin-bottom:0px;\"><span style=\"color: #ffffff;\"><a style=\"color: #ffffff;\" href=\"mailto:info@proinmosol.com\">info@proinmosol.com<\/a><\/span><\/div><\/div>[\/vc_column_inner][\/vc_row_inner][\/vc_column][\/vc_row]<\/p>\n<\/div>","protected":false},"excerpt":{"rendered":"<p>[vc_row bg_type=&#8221;bg_color&#8221; bg_override=&#8221;ex-full&#8221; type=&#8221;vc_default&#8221; margin_top=&#8221;-50&#8243; anchor=&#8221;about&#8221; bg_color_value=&#8221;#f8f8f9&#8243; css=&#8221;.vc_custom_1547201664910{padding-top: 40px !important;padding-bottom: 40px !important;}&#8221; el_id=&#8221;about&#8221;][vc_column][\/vc_column][\/vc_row][vc_row full_width=&#8221;stretch_row&#8221; equal_height=&#8221;yes&#8221; content_placement=&#8221;top&#8221; bg_type=&#8221;bg_color&#8221; type=&#8221;vc_default&#8221; margin_top=&#8221;85&#8243; margin_bottom=&#8221;20&#8243; css=&#8221;.vc_custom_1547479242409{margin-bottom: 90px !important;padding-top: 70px !important;background-color: #ffffff !important;}&#8221; bg_color_value=&#8221;#ffffff&#8221;][vc_column][vc_row_inner equal_height=&#8221;yes&#8221; css=&#8221;.vc_custom_1547208525887{padding-right: 25px !important;padding-left: 25px !important;}&#8221;][vc_column_inner css=&#8221;.vc_custom_1547208325928{margin-bottom: 30px !important;padding-top: 0px !important;padding-right: 0px !important;padding-bottom: 0px !important;padding-left: 0px !important;background-color: #ffffff !important;background-position: center !important;background-repeat: no-repeat !important;background-size: cover !important;}&#8221; offset=&#8221;vc_col-lg-12 vc_col-md-12&#8243;][vc_column_text]&hellip;<\/p>\n","protected":false},"author":3,"featured_media":0,"parent":0,"menu_order":0,"comment_status":"closed","ping_status":"closed","template":"template-microsite.php","meta":{"_exactmetrics_skip_tracking":false,"_exactmetrics_sitenote_active":false,"_exactmetrics_sitenote_note":"","_exactmetrics_sitenote_category":0,"footnotes":""},"class_list":["post-15644","page","type-page","status-publish","hentry","description-off"],"_links":{"self":[{"href":"https:\/\/www.proinmosol.com\/en\/wp-json\/wp\/v2\/pages\/15644","targetHints":{"allow":["GET"]}}],"collection":[{"href":"https:\/\/www.proinmosol.com\/en\/wp-json\/wp\/v2\/pages"}],"about":[{"href":"https:\/\/www.proinmosol.com\/en\/wp-json\/wp\/v2\/types\/page"}],"author":[{"embeddable":true,"href":"https:\/\/www.proinmosol.com\/en\/wp-json\/wp\/v2\/users\/3"}],"replies":[{"embeddable":true,"href":"https:\/\/www.proinmosol.com\/en\/wp-json\/wp\/v2\/comments?post=15644"}],"version-history":[{"count":4,"href":"https:\/\/www.proinmosol.com\/en\/wp-json\/wp\/v2\/pages\/15644\/revisions"}],"predecessor-version":[{"id":15820,"href":"https:\/\/www.proinmosol.com\/en\/wp-json\/wp\/v2\/pages\/15644\/revisions\/15820"}],"wp:attachment":[{"href":"https:\/\/www.proinmosol.com\/en\/wp-json\/wp\/v2\/media?parent=15644"}],"curies":[{"name":"wp","href":"https:\/\/api.w.org\/{rel}","templated":true}]}}