{"id":15645,"date":"2019-01-17T15:29:27","date_gmt":"2019-01-17T14:29:27","guid":{"rendered":"https:\/\/www.proinmosol.com\/politica-de-privacidad-y-otros-avisos-legales\/"},"modified":"2023-04-12T11:40:03","modified_gmt":"2023-04-12T09:40:03","slug":"privacy-policy-and-other-legal-notices","status":"publish","type":"page","link":"https:\/\/www.proinmosol.com\/en\/privacy-policy-and-other-legal-notices\/","title":{"rendered":"Privacy policy and other legal notices"},"content":{"rendered":"<div class=\"wpb-content-wrapper\"><p>[vc_row bg_type=&#8221;bg_color&#8221; bg_override=&#8221;ex-full&#8221; type=&#8221;vc_default&#8221; margin_top=&#8221;-50&#8243; anchor=&#8221;about&#8221; bg_color_value=&#8221;#f8f8f9&#8243; css=&#8221;.vc_custom_1547201664910{padding-top: 40px !important;padding-bottom: 40px !important;}&#8221; el_id=&#8221;about&#8221;][vc_column]<div id=\"ultimate-heading-213269e100cd27211\" class=\"uvc-heading ult-adjust-bottom-margin ultimate-heading-213269e100cd27211 uvc-3604 \" data-hspacer=\"no_spacer\"  data-halign=\"center\" style=\"text-align:center\"><div class=\"uvc-heading-spacer no_spacer\" style=\"top\"><\/div><div class=\"uvc-main-heading ult-responsive\"  data-ultimate-target='.uvc-heading.ultimate-heading-213269e100cd27211 h1'  data-responsive-json-new='{\"font-size\":\"desktop:48px;mobile_landscape:40px;\",\"line-height\":\"desktop:66px;mobile_landscape:50px;\"}' ><h1 style=\"--font-weight:theme;margin-bottom:5px;\">Privacy policy and other legal notices<\/h1><\/div><\/div>[\/vc_column][\/vc_row][vc_row full_width=&#8221;stretch_row&#8221; equal_height=&#8221;yes&#8221; content_placement=&#8221;top&#8221; bg_type=&#8221;bg_color&#8221; type=&#8221;vc_default&#8221; margin_top=&#8221;85&#8243; margin_bottom=&#8221;20&#8243; css=&#8221;.vc_custom_1547479242409{margin-bottom: 90px !important;padding-top: 70px !important;background-color: #ffffff !important;}&#8221; bg_color_value=&#8221;#ffffff&#8221;][vc_column][vc_row_inner equal_height=&#8221;yes&#8221; css=&#8221;.vc_custom_1547208525887{padding-right: 25px !important;padding-left: 25px !important;}&#8221;][vc_column_inner css=&#8221;.vc_custom_1547208325928{margin-bottom: 30px !important;padding-top: 0px !important;padding-right: 0px !important;padding-bottom: 0px !important;padding-left: 0px !important;background-color: #ffffff !important;background-position: center !important;background-repeat: no-repeat !important;background-size: cover !important;}&#8221; offset=&#8221;vc_col-lg-12 vc_col-md-12&#8243;][vc_column_text]<\/p>\n<p style=\"text-align: justify;\"><strong>Titularidad de la web<\/strong><\/p>\n<p style=\"text-align: justify;\">En cumplimiento de lo establecido en la Ley 34\/2002 de 11 de Julio, de Servicios de la Sociedad de La Informaci\u00f3n y el Comercio Electr\u00f3nico (LSSI) y legislaci\u00f3n sectorial concordante, se informa de los siguientes aspectos legales:<\/p>\n<p style=\"text-align: justify;\">Responsable legal de la web: PROMOCIONES INMOBILIARIAS SOL 2018 S.L. (en adelante &#8220;EL TITULAR DE LA WEB&#8221;)<\/p>\n<p style=\"text-align: justify;\">Domicilio de contacto: Torrequebrada, 41 &#8211; Blq 1 &#8211; 1\u00ba Izq &#8211;\u00a0Benalm\u00e1dena &#8211; 29630 M\u00e1laga<\/p>\n<p style=\"text-align: justify;\">Email de contacto: info@proinmosol.com<\/p>\n<p style=\"text-align: justify;\">Tel\u00e9fono: 951 100 180<\/p>\n<p style=\"text-align: justify;\">Datos fiscales (CIF\/NIF): B93568889<\/p>\n<p style=\"text-align: justify;\">Datos de Inscripci\u00f3n Registral: XXXXXXX<\/p>\n<p style=\"text-align: justify;\"><strong><br \/>\nConsideraciones previas<\/strong><\/p>\n<p style=\"text-align: justify;\">Las presentes condiciones legales regulan el uso legal permitido de esta web, propiedad de EL TITULAR DE LA WEB.<\/p>\n<p style=\"text-align: justify;\"><strong><br \/>\nCondiciones de acceso<\/strong><\/p>\n<p style=\"text-align: justify;\">Estas condiciones generales regulan el acceso y utilizaci\u00f3n de esta web que el propietario de la misma pone a disposici\u00f3n de los usuarios de internet. El acceso a la misma implica su aceptaci\u00f3n sin reservas. La utilizaci\u00f3n de determinados servicios y participaci\u00f3n en las promociones ofrecidas en esta web se regir\u00e1n, adem\u00e1s, por las condiciones particulares previstas en cada caso, las cuales se entender\u00e1n aceptadas por el mero uso de tales servicios.<\/p>\n<p style=\"text-align: justify;\">EL TITULAR DE LA WEB se reserva la facultad de efectuar, en cualquier momento y sin necesidad de previo aviso, modificaciones y actualizaciones de la informaci\u00f3n contenida en la web, de la configuraci\u00f3n y presentaci\u00f3n de \u00e9sta y de las condiciones de acceso.<\/p>\n<p style=\"text-align: justify;\">EL TITULAR DE LA WEB no garantiza la inexistencia de interrupciones o errores en el acceso a la web o a su contenido, ni que \u00e9sta se encuentre actualizada.<\/p>\n<p style=\"text-align: justify;\">EL TITULAR DE LA WEB no responder\u00e1 de ninguna consecuencia, da\u00f1o o perjuicio que pudieran derivarse del uso consentido o inconsentido de la informaci\u00f3n contenida en la misma.<\/p>\n<p style=\"text-align: justify;\">EL TITULAR DE LA WEB y el usuario, con renuncia expresa a cualquier otro fuero, se someten al de los Juzgados y Tribunales la ciudad de M\u00e1laga (Espa\u00f1a) para cualquier controversia que pudiera derivarse del acceso o uso de esta web.<\/p>\n<p style=\"text-align: justify;\"><strong><br \/>\nPropiedad intelectual e industrial<\/strong><\/p>\n<p style=\"text-align: justify;\">Los textos, im\u00e1genes, logos, signos distintivos, sonidos, animaciones, v\u00eddeos, c\u00f3digo fuente y resto de contenidos incluidos en este website son propiedad de EL TITULAR DE LA WEB o dispone en su caso, del derecho de uso de los mismos, y en tal sentido se erigen como obras protegidas por la legislaci\u00f3n de propiedad intelectual e industrial vigentes.<\/p>\n<p style=\"text-align: justify;\">Cualquier transmisi\u00f3n, distribuci\u00f3n, reproducci\u00f3n o almacenamiento, total o parcial, de los contenidos almacenados en esta web, queda expresamente prohibido salvo previo y expreso consentimiento de su titular. No obstante, los usuarios podr\u00e1n llevar a cabo la reproducci\u00f3n o almacenamiento de los contenidos del website para su exclusivo uso personal, siempre que los elementos reproducidos no sean cedidos posteriormente a terceros o se instalen en un servidor conectado a internet o a una red local, quedando expresa y terminantemente prohibida la reproducci\u00f3n de elementos o contenidos de este website, realizados con \u00e1nimo de lucro o fines comerciales.<\/p>\n<p style=\"text-align: justify;\"><strong><br \/>\nPol\u00edtica de privacidad y protecci\u00f3n de datos personales<\/strong><\/p>\n<p style=\"text-align: justify;\">Los datos recabados, conforme a lo previsto en la Ley Org\u00e1nica 15\/1999 de Protecci\u00f3n de Datos de Car\u00e1cter Personal y dem\u00e1s legislaci\u00f3n vigente en materia de protecci\u00f3n de datos, a trav\u00e9s de esta web, ser\u00e1n incluidos en un fichero inscrito en el Registro General de Protecci\u00f3n de Datos cuyo responsable es EL TITULAR DE LA WEB, (en adelante \u201cResponsable del Fichero\u201d). La finalidad de esta recogida de datos de car\u00e1cter personal es la de responder a su mensaje, as\u00ed como enviarle peri\u00f3dicamente informaci\u00f3n relacionada con el mismo que podr\u00eda ser de su inter\u00e9s, finalidad \u00e9sta coincidente con las declarada ante la Agencia Espa\u00f1ola de Protecci\u00f3n de Datos.<\/p>\n<p style=\"text-align: justify;\">En consecuencia, al enviar el formulario de consulta, hacer una compra en en la tienda online, o contactarnos por email o tel\u00e9fono, usted da, como titular de los datos, su consentimiento y autorizaci\u00f3n al Responsable del Fichero para la inclusi\u00f3n de los mismos en el fichero indicado.<\/p>\n<p style=\"text-align: justify;\">En el caso de que esta web incorpore ahora o en el futuro la realizaci\u00f3n de compra online o contrataci\u00f3n electr\u00f3nica, para la realizaci\u00f3n y seguimiento de dichas compras, contrataciones u otros servicios al cliente que puedan implantarse en un futuro, deber\u00e1 registrar sus datos personales y escoger una contrase\u00f1a para el acceso a las zonas restringidas que requieran identificaci\u00f3n previa. Sus datos personales y domiciliarios, as\u00ed como las transacciones realizadas y en curso ser\u00e1n incorporados a nuestro archivo de clientes, utiliz\u00e1ndose \u00fanicamente para tramitar el pedido, as\u00ed como para realizar su seguimiento. Tambi\u00e9n su utilizar\u00e1n para enviar informaci\u00f3n sobre ofertas y servicios que puedan resultar de su inter\u00e9s. En cualquier momento podr\u00e1 modificar los datos de su registro de cliente (cambio de domicilio, tel\u00e9fono\u2026.) o solicitarnos el recordatorio de su contrase\u00f1a si la ha olvidado.<\/p>\n<p style=\"text-align: justify;\">El titular de los datos declara estar informado de las condiciones y cesiones detalladas en la presente cl\u00e1usula y, en cualquier caso, podr\u00e1 ejercitar gratuitamente los derechos de acceso, rectificaci\u00f3n, cancelaci\u00f3n y oposici\u00f3n (siempre de acuerdo con los supuestos contemplados por la legislaci\u00f3n vigente) dirigi\u00e9ndose a EL TITULAR DE LA WEB mediante correo electr\u00f3nico enviado desde la misma cuenta con la que nos contact\u00f3 o que indic\u00f3 en el formulario, usando como asunto &#8220;Atenci\u00f3n derechos LOPD&#8221;. En caso de no poder utilizar la misma cuenta, el Responsable del Fichero le indicar\u00e1 los pasos a seguir.<\/p>\n<p style=\"text-align: justify;\"><strong><br \/>\nNotas adicionales<\/strong><\/p>\n<p style=\"text-align: justify;\">Si considera que alg\u00fan elemento de los que integran esta web vulnera cualquier legislaci\u00f3n vigente, por favor p\u00f3ngase en contacto con EL TITULAR DE LA WEB, y su consulta o reclamaci\u00f3n ser\u00e1 inmediatamente atendida.<\/p>\n<p style=\"text-align: justify;\">EL TITULAR DE LA WEB no realiza contrataci\u00f3n electr\u00f3nica en esta web.<\/p>\n<p>&nbsp;<\/p>\n<p><strong>Atribuciones de im\u00e1genes<\/strong><\/p>\n<p>La fotograf\u00eda de fondo de la cabecera de la promoci\u00f3n Ronda 23 tiene licencia <a href=\"https:\/\/commons.wikimedia.org\/wiki\/File:Playa_de_la_Cala,_Mijas_01.JPG\" target=\"_blank\" rel=\"noopener\"><strong>CC-BY-SA-3.0<\/strong><\/a>[\/vc_column_text][\/vc_column_inner][\/vc_row_inner][\/vc_column][\/vc_row][vc_row bg_type=&#8221;image&#8221; parallax_style=&#8221;vcpb-vz-jquery&#8221; bg_image_new=&#8221;id^15111|url^https:\/\/www.proinmosol.com\/wp-content\/uploads\/2019\/01\/fondoredessociales.jpg|caption^null|alt^REDES SOCIALES|title^REDES SOCIALES|description^null&#8221; bg_image_repeat=&#8221;no-repeat&#8221; bg_image_size=&#8221;initial&#8221; bg_override=&#8221;ex-full&#8221; enable_overlay=&#8221;enable_overlay_value&#8221; overlay_color=&#8221;rgba(0,0,0,0.6)&#8221; overlay_pattern=&#8221;transperant&#8221; type=&#8221;vc_default&#8221; css=&#8221;.vc_custom_1547729859750{padding-top: 0px !important;padding-bottom: 50px !important;background-color: #000000 !important;}&#8221;][vc_column offset=&#8221;vc_col-lg-offset-0 vc_col-md-offset-0 vc_col-sm-offset-0 vc_col-xs-12&#8243;][vc_row_inner css=&#8221;.vc_custom_1479056947997{padding-top: 50px !important;}&#8221;][vc_column_inner width=&#8221;1\/2&#8243;]<div class=\"ult-just-icon-wrapper   vc_custom_1550746093830\"><div class=\"align-icon\" style=\"text-align:center;\">\n<a class=\"aio-tooltip 69e100cd274ce\" href=\"tel:+34952657580\" rel=\"nofollow\"  data-toggle=\"tooltip\" data-placement=\"\"><div class=\"aio-icon circle \"  style=\"color:#ffffff;font-size:50px;display:inline-block;\">\n\t<i class=\"Defaults-phone\"><\/i>\n<\/div><\/a><\/div><\/div><div id=\"ultimate-heading-431169e100cd275b7\" class=\"uvc-heading ult-adjust-bottom-margin ultimate-heading-431169e100cd275b7 uvc-7118 \" data-hspacer=\"no_spacer\"  data-halign=\"center\" style=\"text-align:center\"><div class=\"uvc-heading-spacer no_spacer\" style=\"top\"><\/div><div class=\"uvc-sub-heading ult-responsive\"  data-ultimate-target='.uvc-heading.ultimate-heading-431169e100cd275b7 .uvc-sub-heading '  data-responsive-json-new='{\"font-size\":\"desktop:16px;\",\"line-height\":\"desktop:28px;\"}'  style=\"font-weight:bold;color:#ffffff;margin-bottom:0px;\">952 657 580<\/div><\/div>[\/vc_column_inner][vc_column_inner width=&#8221;1\/2&#8243;]<div class=\"ult-just-icon-wrapper   vc_custom_1547213414319\"><div class=\"align-icon\" style=\"text-align:center;\">\n<a class=\"aio-tooltip 69e100cd2764a\" href=\"mailto:info@proinmosol.com\" rel=\"nofollow\"  data-toggle=\"tooltip\" data-placement=\"\"><div class=\"aio-icon circle \"  style=\"color:#ffffff;font-size:50px;display:inline-block;\">\n\t<i class=\"icomoon-pixeden-stroke-32x32-mail\"><\/i>\n<\/div><\/a><\/div><\/div><div id=\"ultimate-heading-590469e100cd276b2\" class=\"uvc-heading ult-adjust-bottom-margin ultimate-heading-590469e100cd276b2 uvc-8369 \" data-hspacer=\"no_spacer\"  data-halign=\"center\" style=\"text-align:center\"><div class=\"uvc-heading-spacer no_spacer\" style=\"top\"><\/div><div class=\"uvc-sub-heading ult-responsive\"  data-ultimate-target='.uvc-heading.ultimate-heading-590469e100cd276b2 .uvc-sub-heading '  data-responsive-json-new='{\"font-size\":\"desktop:16px;\",\"line-height\":\"desktop:28px;\"}'  style=\"font-weight:bold;color:#ffffff;margin-bottom:0px;\"><span style=\"color: #ffffff;\"><a style=\"color: #ffffff;\" href=\"mailto:info@proinmosol.com\">info@proinmosol.com<\/a><\/span><\/div><\/div>[\/vc_column_inner][\/vc_row_inner][\/vc_column][\/vc_row]<\/p>\n<\/div>","protected":false},"excerpt":{"rendered":"<p>[vc_row bg_type=&#8221;bg_color&#8221; bg_override=&#8221;ex-full&#8221; type=&#8221;vc_default&#8221; margin_top=&#8221;-50&#8243; anchor=&#8221;about&#8221; bg_color_value=&#8221;#f8f8f9&#8243; css=&#8221;.vc_custom_1547201664910{padding-top: 40px !important;padding-bottom: 40px !important;}&#8221; el_id=&#8221;about&#8221;][vc_column][\/vc_column][\/vc_row][vc_row full_width=&#8221;stretch_row&#8221; equal_height=&#8221;yes&#8221; content_placement=&#8221;top&#8221; bg_type=&#8221;bg_color&#8221; type=&#8221;vc_default&#8221; margin_top=&#8221;85&#8243; margin_bottom=&#8221;20&#8243; css=&#8221;.vc_custom_1547479242409{margin-bottom: 90px !important;padding-top: 70px !important;background-color: #ffffff !important;}&#8221; bg_color_value=&#8221;#ffffff&#8221;][vc_column][vc_row_inner equal_height=&#8221;yes&#8221; css=&#8221;.vc_custom_1547208525887{padding-right: 25px !important;padding-left: 25px !important;}&#8221;][vc_column_inner css=&#8221;.vc_custom_1547208325928{margin-bottom: 30px !important;padding-top: 0px !important;padding-right: 0px !important;padding-bottom: 0px !important;padding-left: 0px !important;background-color: #ffffff !important;background-position: center !important;background-repeat: no-repeat !important;background-size: cover !important;}&#8221; offset=&#8221;vc_col-lg-12 vc_col-md-12&#8243;][vc_column_text]&hellip;<\/p>\n","protected":false},"author":3,"featured_media":0,"parent":0,"menu_order":0,"comment_status":"closed","ping_status":"closed","template":"template-microsite.php","meta":{"_exactmetrics_skip_tracking":false,"_exactmetrics_sitenote_active":false,"_exactmetrics_sitenote_note":"","_exactmetrics_sitenote_category":0,"footnotes":""},"class_list":["post-15645","page","type-page","status-publish","hentry","description-off"],"_links":{"self":[{"href":"https:\/\/www.proinmosol.com\/en\/wp-json\/wp\/v2\/pages\/15645","targetHints":{"allow":["GET"]}}],"collection":[{"href":"https:\/\/www.proinmosol.com\/en\/wp-json\/wp\/v2\/pages"}],"about":[{"href":"https:\/\/www.proinmosol.com\/en\/wp-json\/wp\/v2\/types\/page"}],"author":[{"embeddable":true,"href":"https:\/\/www.proinmosol.com\/en\/wp-json\/wp\/v2\/users\/3"}],"replies":[{"embeddable":true,"href":"https:\/\/www.proinmosol.com\/en\/wp-json\/wp\/v2\/comments?post=15645"}],"version-history":[{"count":6,"href":"https:\/\/www.proinmosol.com\/en\/wp-json\/wp\/v2\/pages\/15645\/revisions"}],"predecessor-version":[{"id":16182,"href":"https:\/\/www.proinmosol.com\/en\/wp-json\/wp\/v2\/pages\/15645\/revisions\/16182"}],"wp:attachment":[{"href":"https:\/\/www.proinmosol.com\/en\/wp-json\/wp\/v2\/media?parent=15645"}],"curies":[{"name":"wp","href":"https:\/\/api.w.org\/{rel}","templated":true}]}}